{"id":53,"date":"2025-03-10T18:05:26","date_gmt":"2025-03-10T18:05:26","guid":{"rendered":"https:\/\/fedman.hu\/?page_id=53"},"modified":"2025-10-06T09:55:05","modified_gmt":"2025-10-06T09:55:05","slug":"rolunk","status":"publish","type":"page","link":"https:\/\/fedman.hu\/index.php\/rolunk\/","title":{"rendered":"R\u00f3lunk"},"content":{"rendered":"\n<div class=\"wp-block-group has-custom-color-3-background-color has-background is-layout-constrained wp-container-core-group-is-layout-f8271a78 wp-block-group-is-layout-constrained\" style=\"padding-top:120px;padding-right:var(--wp--preset--spacing--40);padding-bottom:120px;padding-left:var(--wp--preset--spacing--40)\">\n<h1 class=\"wp-block-heading has-text-align-center has-custom-color-2-color has-text-color has-link-color has-xxx-large-font-size wp-elements-e35438eb2a804f7a406d292622f61c11\" style=\"line-height:1.3\">FEDMAN \u00c9p\u00edt\u0151ipari Kft.<br>A biztos j\u00f6v\u0151\u00e9rt!<\/h1>\n\n\n\n<p class=\"has-text-align-center has-black-color has-text-color has-link-color has-medium-font-size wp-elements-635e56a02caec78555e90cebf3fa7751\">A \u201e<strong>Biztos j\u00f6v\u0151<\/strong>\u201d sz\u00e1munkra nem csup\u00e1n egy \u00edg\u00e9ret, hanem a mindennapi munk\u00e1nk alapja.<br>Hisz\u00fcnk abban, hogy a j\u00f6v\u0151 biztons\u00e1ga a <strong>megb\u00edzhat\u00f3 alapokn\u00e1l<\/strong>, a <strong>min\u0151s\u00e9gi kivitelez\u00e9sn\u00e9l<\/strong> \u00e9s a <strong>tart\u00f3s megold\u00e1sokn\u00e1l<\/strong> kezd\u0151dik.<br>Legyen sz\u00f3 napelemes rendszerr\u0151l, villanyszerel\u00e9sr\u0151l vagy ny\u00edl\u00e1sz\u00e1r\u00f3 be\u00e9p\u00edt\u00e9sr\u0151l, minden projekt\u00fcnket \u00fagy tervezz\u00fck \u00e9s val\u00f3s\u00edtjuk meg, hogy az <strong>\u00e9vek m\u00falt\u00e1n is stabilan, biztons\u00e1gosan \u00e9s hat\u00e9konyan szolg\u00e1lja \u00fcgyfeleinket<\/strong>.<br>A FEDMAN \u00c9p\u00edt\u0151ipari Kft.-n\u00e9l arra t\u00f6reksz\u00fcnk, hogy olyan \u00e9rt\u00e9ket teremts\u00fcnk, amelyre <strong>nyugodtan lehet j\u00f6v\u0151t \u00e9p\u00edteni<\/strong> \u2013 sz\u00f3 szerint \u00e9s \u00e1tvitt \u00e9rtelemben is.<br>A precizit\u00e1s, szak\u00e9rtelem \u00e9s megb\u00edzhat\u00f3s\u00e1g az a h\u00e1rom pill\u00e9r, amelyre \u00fcgyfeleink bizalma \u00e9p\u00fcl \u2013 hiszen amit ma fel\u00e9p\u00edt\u00fcnk, az a <strong>holnap biztons\u00e1g\u00e1t<\/strong> szolg\u00e1lja.<br>C\u00e9g\u00fcnk elk\u00f6telezett a napelemes rendszerek telep\u00edt\u00e9se ir\u00e1nt, \u00e9s az egyik legfontosabb alapelv\u00fcnk a megb\u00edzhat\u00f3s\u00e1g \u00e9s a precizit\u00e1s. Mi nem csup\u00e1n energiaforr\u00e1st k\u00edn\u00e1lunk, hanem egy hossz\u00fa t\u00e1v\u00fa, fenntarthat\u00f3 megold\u00e1st, amely maxim\u00e1lis hat\u00e9konys\u00e1ggal m\u0171k\u00f6dik. Minden projekt\u00fcnkn\u00e9l a legnagyobb hangs\u00falyt a kivitelez\u00e9s min\u0151s\u00e9g\u00e9re \u00e9s pontoss\u00e1g\u00e1ra fektetj\u00fck. Tudjuk, hogy egy j\u00f3l telep\u00edtett napelemes rendszer nemcsak p\u00e9nz\u00fcgyi el\u0151ny\u00f6ket biztos\u00edt \u00fcgyfeleink sz\u00e1m\u00e1ra, hanem hozz\u00e1j\u00e1rul a k\u00f6rnyezet v\u00e9delm\u00e9hez is. Munk\u00e1nk sor\u00e1n figyel\u00fcnk minden apr\u00f3 r\u00e9szletre, hogy az \u00d6n \u00e1ltal v\u00e1lasztott rendszer a legnagyobb megb\u00edzhat\u00f3s\u00e1ggal \u00e9s hossz\u00fa t\u00e1v\u00fa m\u0171k\u00f6d\u00e9ssel szolg\u00e1ljon. Szolg\u00e1ltat\u00e1saink sz\u00e9les spektrumot \u00f6lelnek fel: a helysz\u00edni felm\u00e9r\u00e9st\u0151l a rendszertervez\u00e9sen \u00e1t a teljes k\u00f6r\u0171 telep\u00edt\u00e9sig \u00e9s karbantart\u00e1sig. Munkat\u00e1rsaink tapasztalt szakemberek, akik a leg\u00fajabb technol\u00f3giai trendeket \u00e9s ipar\u00e1gi szabv\u00e1nyokat k\u00f6vetik, hogy minden projekt a legmagasabb min\u0151s\u00e9gben val\u00f3sulhasson meg. C\u00e9lunk, hogy \u00fcgyfeleink sz\u00e1m\u00e1ra biztons\u00e1gos, tart\u00f3s \u00e9s k\u00f6lts\u00e9ghat\u00e9kony megold\u00e1sokat biztos\u00edtsunk, mik\u00f6zben minden l\u00e9p\u00e9sn\u00e9l garant\u00e1ljuk a precizit\u00e1st \u00e9s a megb\u00edzhat\u00f3s\u00e1got. Vel\u00fcnk biztos lehet benne, hogy az \u00d6n napelemes rendszere a legjobb kezekben van.<\/p>\n\n\n\n<p class=\"has-text-align-center has-black-color has-text-color has-link-color has-medium-font-size wp-elements-ad588066bac46a725a3dd75be2246420\">Ha szeretne t\u00f6bbet megtudni szolg\u00e1ltat\u00e1sainkr\u00f3l, vagy egy szem\u00e9lyre szabott aj\u00e1nlatot k\u00e9rni, b\u00e1tran keressen minket!<\/p>\n<\/div>\n\n\n\n<div class=\"wp-block-group has-black-background-color has-background is-layout-constrained wp-container-core-group-is-layout-9b5ccdde wp-block-group-is-layout-constrained\" style=\"margin-top:0;margin-bottom:0;padding-top:7rem;padding-right:var(--wp--preset--spacing--40);padding-bottom:7rem;padding-left:var(--wp--preset--spacing--40)\">\n<div class=\"wp-block-columns are-vertically-aligned-center is-layout-flex wp-container-core-columns-is-layout-4a938530 wp-block-columns-is-layout-flex\">\n<div class=\"wp-block-column is-vertically-aligned-center is-layout-flow wp-container-core-column-is-layout-119bc444 wp-block-column-is-layout-flow\">\n<h1 class=\"wp-block-heading has-text-align-left has-custom-color-2-color has-text-color has-link-color wp-elements-1e5d13249d2f905ca13a9eb7d28b7271\" style=\"font-size:clamp(27.894px, 1.743rem + ((1vw - 3.2px) * 1.226), 48px);font-style:normal;font-weight:800;line-height:1.4\">L\u00e9pjen kapcsolatba vel\u00fcnk m\u00e9g ma!<\/h1>\n\n\n\n<p class=\"has-text-align-left has-custom-color-3-color has-text-color has-link-color has-medium-font-size wp-elements-fe11e587df8d663d653909d73b3105a4\">\u00c9s tudja meg \u00d6n is, hogyan teheti otthon\u00e1t vagy v\u00e1llalkoz\u00e1s\u00e1t fenntarthat\u00f3bb\u00e1 \u00e9s energiatakar\u00e9kosabb\u00e1!<\/p>\n<\/div>\n\n\n\n<div class=\"wp-block-column is-vertically-aligned-center is-layout-flow wp-block-column-is-layout-flow\" style=\"flex-basis:25%\">\n<div class=\"wp-block-buttons is-style-button-zoom-on-hover is-content-justification-center is-layout-flex wp-container-core-buttons-is-layout-457817ba wp-block-buttons-is-layout-flex\" style=\"margin-top:0px\">\n<div class=\"wp-block-button is-style-fill\"><a class=\"wp-block-button__link has-light-color-color has-custom-color-2-background-color has-text-color has-background has-link-color has-custom-font-size wp-element-button\" style=\"border-style:none;border-width:0px;border-radius:2px;padding-top:24px;padding-right:40px;padding-bottom:24px;padding-left:40px;font-size:clamp(14px, 0.875rem + ((1vw - 3.2px) * 0.244), 18px);\">Kapcsolat<\/a><\/div>\n<\/div>\n<\/div>\n<\/div>\n<\/div>\n\n\n\n<p><\/p>\n","protected":false},"excerpt":{"rendered":"<p>FEDMAN \u00c9p\u00edt\u0151ipari Kft.A biztos j\u00f6v\u0151\u00e9rt! A \u201eBiztos j\u00f6v\u0151\u201d sz\u00e1munkra nem csup\u00e1n egy \u00edg\u00e9ret, hanem a mindennapi munk\u00e1nk alapja.Hisz\u00fcnk abban, hogy a j\u00f6v\u0151 biztons\u00e1ga a megb\u00edzhat\u00f3 alapokn\u00e1l, a min\u0151s\u00e9gi kivitelez\u00e9sn\u00e9l \u00e9s a tart\u00f3s megold\u00e1sokn\u00e1l kezd\u0151dik.Legyen sz\u00f3 napelemes rendszerr\u0151l, villanyszerel\u00e9sr\u0151l vagy ny\u00edl\u00e1sz\u00e1r\u00f3 be\u00e9p\u00edt\u00e9sr\u0151l, minden projekt\u00fcnket \u00fagy tervezz\u00fck \u00e9s val\u00f3s\u00edtjuk meg, hogy az \u00e9vek m\u00falt\u00e1n is stabilan, biztons\u00e1gosan&#8230;<\/p>\n","protected":false},"author":1,"featured_media":0,"parent":0,"menu_order":0,"comment_status":"closed","ping_status":"closed","template":"","meta":{"footnotes":""},"class_list":["post-53","page","type-page","status-publish","hentry"],"featured_media_urls":[],"_links":{"self":[{"href":"https:\/\/fedman.hu\/index.php\/wp-json\/wp\/v2\/pages\/53","targetHints":{"allow":["GET"]}}],"collection":[{"href":"https:\/\/fedman.hu\/index.php\/wp-json\/wp\/v2\/pages"}],"about":[{"href":"https:\/\/fedman.hu\/index.php\/wp-json\/wp\/v2\/types\/page"}],"author":[{"embeddable":true,"href":"https:\/\/fedman.hu\/index.php\/wp-json\/wp\/v2\/users\/1"}],"replies":[{"embeddable":true,"href":"https:\/\/fedman.hu\/index.php\/wp-json\/wp\/v2\/comments?post=53"}],"version-history":[{"count":11,"href":"https:\/\/fedman.hu\/index.php\/wp-json\/wp\/v2\/pages\/53\/revisions"}],"predecessor-version":[{"id":229,"href":"https:\/\/fedman.hu\/index.php\/wp-json\/wp\/v2\/pages\/53\/revisions\/229"}],"wp:attachment":[{"href":"https:\/\/fedman.hu\/index.php\/wp-json\/wp\/v2\/media?parent=53"}],"curies":[{"name":"wp","href":"https:\/\/api.w.org\/{rel}","templated":true}]}}