{"id":55,"date":"2025-03-10T18:05:38","date_gmt":"2025-03-10T18:05:38","guid":{"rendered":"https:\/\/fedman.hu\/?page_id=55"},"modified":"2026-01-12T13:48:59","modified_gmt":"2026-01-12T13:48:59","slug":"kapcsolat","status":"publish","type":"page","link":"https:\/\/fedman.hu\/index.php\/kapcsolat\/","title":{"rendered":"Kapcsolat"},"content":{"rendered":"\n<div class=\"wp-block-group has-gradient-six-gradient-background has-background is-layout-constrained wp-container-core-group-is-layout-e6f1036d wp-block-group-is-layout-constrained\" style=\"margin-top:0;margin-bottom:0;padding-top:0;padding-right:0;padding-bottom:0;padding-left:0\">\n<div class=\"wp-block-group has-custom-color-3-background-color has-background is-layout-constrained wp-container-core-group-is-layout-9fdcf66f wp-block-group-is-layout-constrained\" style=\"margin-top:0;margin-bottom:0;padding-top:var(--wp--preset--spacing--80);padding-right:var(--wp--preset--spacing--40);padding-bottom:var(--wp--preset--spacing--80);padding-left:var(--wp--preset--spacing--40)\">\n<div class=\"wp-block-group is-layout-constrained wp-container-core-group-is-layout-f14046ae wp-block-group-is-layout-constrained\" style=\"margin-bottom:60px\">\n<div class=\"wp-block-group is-content-justification-left is-layout-constrained wp-container-core-group-is-layout-427925ea wp-block-group-is-layout-constrained\">\n<h1 class=\"wp-block-heading has-custom-color-2-color has-text-color has-link-color wp-elements-ea02c20b3e8d2ff985e1faec8eb8e651\" style=\"font-style:normal;font-weight:800\">Vegye fel fel\u00fcnk a kapcsolatot!<\/h1>\n\n\n\n<p class=\"has-black-color has-text-color has-link-color wp-elements-0da6e3ddd046f0da8a44b9710afe0712\" style=\"font-size:clamp(14px, 0.875rem + ((1vw - 3.2px) * 0.244), 18px);line-height:1.7\">B\u00e1rmi k\u00e9rd\u00e9se is mer\u00fcl fel, forduljon hozz\u00e1nk bizalommal! Koll\u00e9g\u00e1ink k\u00e9szs\u00e9ggel \u00e1llnak az \u00d6n rendelkez\u00e9s\u00e9re, hogy szem\u00e9lyre szabott megold\u00e1st ny\u00fajtsanak, legyen sz\u00f3 \u00e1raj\u00e1nlatr\u00f3l, helysz\u00edni felm\u00e9r\u00e9sr\u0151l vagy szakmai tan\u00e1csad\u00e1sr\u00f3l. Vegye fel vel\u00fcnk a kapcsolatot m\u00e9g ma, \u00e9s kezdj\u00fck el egy\u00fctt a projektj\u00e9t!<\/p>\n<\/div>\n\n\n\n<div class=\"wp-block-columns are-vertically-aligned-top is-layout-flex wp-container-core-columns-is-layout-1a2d6aa2 wp-block-columns-is-layout-flex\">\n<div class=\"wp-block-column is-vertically-aligned-top is-layout-flow wp-block-column-is-layout-flow\">\n<div class=\"wp-block-group is-vertical is-layout-flex wp-container-core-group-is-layout-951bfa9f wp-block-group-is-layout-flex\" style=\"margin-top:24px\">\n<h4 class=\"wp-block-heading has-custom-color-2-color has-text-color has-link-color wp-elements-65572dca08a7c01f2ee3377ee2604ed9\">Telefonsz\u00e1m:<\/h4>\n\n\n\n<p class=\"has-sub-heading-color-color has-text-color\" style=\"font-size:clamp(14px, 0.875rem + ((1vw - 3.2px) * 0.244), 18px);font-style:normal;font-weight:500;line-height:1.6\"><a href=\"#\">+36301321022<\/a><\/p>\n<\/div>\n\n\n\n<div class=\"wp-block-group is-vertical is-layout-flex wp-container-core-group-is-layout-951bfa9f wp-block-group-is-layout-flex\" style=\"margin-top:24px\">\n<h4 class=\"wp-block-heading has-custom-color-2-color has-text-color has-link-color wp-elements-c4a223049af5df5a37232f8a9ffabbe0\">E-mail:<\/h4>\n\n\n\n<p class=\"has-sub-heading-color-color has-text-color\" style=\"font-size:clamp(14px, 0.875rem + ((1vw - 3.2px) * 0.244), 18px);font-style:normal;font-weight:500;line-height:1.6\"><a href=\"#\">info@fedman.hu<\/a><\/p>\n<\/div>\n\n\n\n<ul class=\"wp-block-social-links is-content-justification-left is-layout-flex wp-container-core-social-links-is-layout-e8fee2cc wp-block-social-links-is-layout-flex\" style=\"margin-top:40px\"><li class=\"wp-social-link wp-social-link-facebook  wp-block-social-link\"><a href=\"#\" class=\"wp-block-social-link-anchor\"><svg width=\"24\" height=\"24\" viewBox=\"0 0 24 24\" version=\"1.1\" xmlns=\"http:\/\/www.w3.org\/2000\/svg\" aria-hidden=\"true\" focusable=\"false\"><path d=\"M12 2C6.5 2 2 6.5 2 12c0 5 3.7 9.1 8.4 9.9v-7H7.9V12h2.5V9.8c0-2.5 1.5-3.9 3.8-3.9 1.1 0 2.2.2 2.2.2v2.5h-1.3c-1.2 0-1.6.8-1.6 1.6V12h2.8l-.4 2.9h-2.3v7C18.3 21.1 22 17 22 12c0-5.5-4.5-10-10-10z\"><\/path><\/svg><span class=\"wp-block-social-link-label screen-reader-text\">Facebook<\/span><\/a><\/li>\n\n<li class=\"wp-social-link wp-social-link-youtube  wp-block-social-link\"><a href=\"#\" class=\"wp-block-social-link-anchor\"><svg width=\"24\" height=\"24\" viewBox=\"0 0 24 24\" version=\"1.1\" xmlns=\"http:\/\/www.w3.org\/2000\/svg\" aria-hidden=\"true\" focusable=\"false\"><path d=\"M21.8,8.001c0,0-0.195-1.378-0.795-1.985c-0.76-0.797-1.613-0.801-2.004-0.847c-2.799-0.202-6.997-0.202-6.997-0.202 h-0.009c0,0-4.198,0-6.997,0.202C4.608,5.216,3.756,5.22,2.995,6.016C2.395,6.623,2.2,8.001,2.2,8.001S2,9.62,2,11.238v1.517 c0,1.618,0.2,3.237,0.2,3.237s0.195,1.378,0.795,1.985c0.761,0.797,1.76,0.771,2.205,0.855c1.6,0.153,6.8,0.201,6.8,0.201 s4.203-0.006,7.001-0.209c0.391-0.047,1.243-0.051,2.004-0.847c0.6-0.607,0.795-1.985,0.795-1.985s0.2-1.618,0.2-3.237v-1.517 C22,9.62,21.8,8.001,21.8,8.001z M9.935,14.594l-0.001-5.62l5.404,2.82L9.935,14.594z\"><\/path><\/svg><span class=\"wp-block-social-link-label screen-reader-text\">YouTube<\/span><\/a><\/li>\n\n<\/ul>\n<\/div>\n\n\n\n<div class=\"wp-block-column is-vertically-aligned-top is-layout-flow wp-block-column-is-layout-flow\" style=\"flex-basis:60%\">\n<p><br><\/p>\n<\/div>\n<\/div>\n<\/div>\n<\/div>\n<\/div>\n","protected":false},"excerpt":{"rendered":"<p>Vegye fel fel\u00fcnk a kapcsolatot! B\u00e1rmi k\u00e9rd\u00e9se is mer\u00fcl fel, forduljon hozz\u00e1nk bizalommal! Koll\u00e9g\u00e1ink k\u00e9szs\u00e9ggel \u00e1llnak az \u00d6n rendelkez\u00e9s\u00e9re, hogy szem\u00e9lyre szabott megold\u00e1st ny\u00fajtsanak, legyen sz\u00f3 \u00e1raj\u00e1nlatr\u00f3l, helysz\u00edni felm\u00e9r\u00e9sr\u0151l vagy szakmai tan\u00e1csad\u00e1sr\u00f3l. Vegye fel vel\u00fcnk a kapcsolatot m\u00e9g ma, \u00e9s kezdj\u00fck el egy\u00fctt a projektj\u00e9t! Telefonsz\u00e1m: +36301321022 E-mail: info@fedman.hu<\/p>\n","protected":false},"author":1,"featured_media":0,"parent":0,"menu_order":4,"comment_status":"closed","ping_status":"closed","template":"","meta":{"footnotes":""},"class_list":["post-55","page","type-page","status-publish","hentry"],"featured_media_urls":[],"_links":{"self":[{"href":"https:\/\/fedman.hu\/index.php\/wp-json\/wp\/v2\/pages\/55","targetHints":{"allow":["GET"]}}],"collection":[{"href":"https:\/\/fedman.hu\/index.php\/wp-json\/wp\/v2\/pages"}],"about":[{"href":"https:\/\/fedman.hu\/index.php\/wp-json\/wp\/v2\/types\/page"}],"author":[{"embeddable":true,"href":"https:\/\/fedman.hu\/index.php\/wp-json\/wp\/v2\/users\/1"}],"replies":[{"embeddable":true,"href":"https:\/\/fedman.hu\/index.php\/wp-json\/wp\/v2\/comments?post=55"}],"version-history":[{"count":11,"href":"https:\/\/fedman.hu\/index.php\/wp-json\/wp\/v2\/pages\/55\/revisions"}],"predecessor-version":[{"id":240,"href":"https:\/\/fedman.hu\/index.php\/wp-json\/wp\/v2\/pages\/55\/revisions\/240"}],"wp:attachment":[{"href":"https:\/\/fedman.hu\/index.php\/wp-json\/wp\/v2\/media?parent=55"}],"curies":[{"name":"wp","href":"https:\/\/api.w.org\/{rel}","templated":true}]}}